{"id":922,"date":"2022-11-12T16:58:13","date_gmt":"2022-11-12T15:58:13","guid":{"rendered":"https:\/\/www.hotel-midland.com\/?page_id=922"},"modified":"2024-04-30T17:16:37","modified_gmt":"2024-04-30T15:16:37","slug":"visit-vichy","status":"publish","type":"page","link":"https:\/\/www.hotel-midland.com\/en\/hotel-3-etoiles-vichy\/visiter-vichy\/","title":{"rendered":"Visit Vichy"},"content":{"rendered":"<div data-elementor-type=\"wp-page\" data-elementor-id=\"922\" class=\"elementor elementor-922\" data-elementor-post-type=\"page\">\n\t\t\t\t\t\t<section class=\"elementor-section elementor-top-section elementor-element elementor-element-a93292e elementor-section-height-min-height elementor-section-boxed elementor-section-height-default elementor-section-items-middle\" data-id=\"a93292e\" data-element_type=\"section\" data-e-type=\"section\" data-settings=\"{&quot;background_background&quot;:&quot;classic&quot;}\">\n\t\t\t\t\t\t\t<div class=\"elementor-background-overlay\"><\/div>\n\t\t\t\t\t\t\t<div class=\"elementor-container elementor-column-gap-default\">\n\t\t\t\t\t<div class=\"elementor-column elementor-col-100 elementor-top-column elementor-element elementor-element-eb7a869\" data-id=\"eb7a869\" data-element_type=\"column\" data-e-type=\"column\">\n\t\t\t<div class=\"elementor-widget-wrap elementor-element-populated\">\n\t\t\t\t\t\t<div class=\"elementor-element elementor-element-c246990 elementor-widget-divider--view-line elementor-widget elementor-widget-divider\" data-id=\"c246990\" data-element_type=\"widget\" data-e-type=\"widget\" data-widget_type=\"divider.default\">\n\t\t\t\t<div class=\"elementor-widget-container\">\n\t\t\t\t\t\t\t<div class=\"elementor-divider\">\n\t\t\t<span class=\"elementor-divider-separator\">\n\t\t\t\t\t\t<\/span>\n\t\t<\/div>\n\t\t\t\t\t\t<\/div>\n\t\t\t\t<\/div>\n\t\t\t\t<div class=\"elementor-element elementor-element-ca393dc elementor-widget elementor-widget-heading\" data-id=\"ca393dc\" data-element_type=\"widget\" data-e-type=\"widget\" data-widget_type=\"heading.default\">\n\t\t\t\t<div class=\"elementor-widget-container\">\n\t\t\t\t\t<h1 class=\"elementor-heading-title elementor-size-default\">Visit Vichy<\/h1>\t\t\t\t<\/div>\n\t\t\t\t<\/div>\n\t\t\t\t\t<\/div>\n\t\t<\/div>\n\t\t\t\t\t<\/div>\n\t\t<\/section>\n\t\t\t\t<section class=\"elementor-section elementor-top-section elementor-element elementor-element-a0a851f elementor-section-full_width elementor-section-height-default elementor-section-height-default\" data-id=\"a0a851f\" data-element_type=\"section\" data-e-type=\"section\" data-settings=\"{&quot;background_background&quot;:&quot;classic&quot;}\">\n\t\t\t\t\t\t\t<div class=\"elementor-background-overlay\"><\/div>\n\t\t\t\t\t\t\t<div class=\"elementor-container elementor-column-gap-default\">\n\t\t\t\t\t<div class=\"elementor-column elementor-col-100 elementor-top-column elementor-element elementor-element-03fa126\" data-id=\"03fa126\" data-element_type=\"column\" data-e-type=\"column\">\n\t\t\t<div class=\"elementor-widget-wrap elementor-element-populated\">\n\t\t\t\t\t\t<section class=\"elementor-section elementor-inner-section elementor-element elementor-element-a5ab840 elementor-section-boxed elementor-section-height-default elementor-section-height-default\" data-id=\"a5ab840\" data-element_type=\"section\" data-e-type=\"section\">\n\t\t\t\t\t\t<div class=\"elementor-container elementor-column-gap-default\">\n\t\t\t\t\t<div class=\"elementor-column elementor-col-100 elementor-inner-column elementor-element elementor-element-7c624db\" data-id=\"7c624db\" data-element_type=\"column\" data-e-type=\"column\">\n\t\t\t<div class=\"elementor-widget-wrap elementor-element-populated\">\n\t\t\t\t\t\t<div class=\"elementor-element elementor-element-9d76a28 elementor-widget-divider--view-line elementor-widget elementor-widget-divider\" data-id=\"9d76a28\" data-element_type=\"widget\" data-e-type=\"widget\" data-widget_type=\"divider.default\">\n\t\t\t\t<div class=\"elementor-widget-container\">\n\t\t\t\t\t\t\t<div class=\"elementor-divider\">\n\t\t\t<span class=\"elementor-divider-separator\">\n\t\t\t\t\t\t<\/span>\n\t\t<\/div>\n\t\t\t\t\t\t<\/div>\n\t\t\t\t<\/div>\n\t\t\t\t<div class=\"elementor-element elementor-element-8bafe0d elementor-widget elementor-widget-heading\" data-id=\"8bafe0d\" data-element_type=\"widget\" data-e-type=\"widget\" data-widget_type=\"heading.default\">\n\t\t\t\t<div class=\"elementor-widget-container\">\n\t\t\t\t\t<h2 class=\"elementor-heading-title elementor-size-default\">FROM OUR HOTEL LE MIDLAND<\/h2>\t\t\t\t<\/div>\n\t\t\t\t<\/div>\n\t\t\t\t<div class=\"elementor-element elementor-element-9d73091 elementor-widget elementor-widget-heading\" data-id=\"9d73091\" data-element_type=\"widget\" data-e-type=\"widget\" data-widget_type=\"heading.default\">\n\t\t\t\t<div class=\"elementor-widget-container\">\n\t\t\t\t\t<h3 class=\"elementor-heading-title elementor-size-default\">Vichy and its highlights<\/h3>\t\t\t\t<\/div>\n\t\t\t\t<\/div>\n\t\t\t\t<div class=\"elementor-element elementor-element-03e61e2 elementor-widget elementor-widget-text-editor\" data-id=\"03e61e2\" data-element_type=\"widget\" data-e-type=\"widget\" data-widget_type=\"text-editor.default\">\n\t\t\t\t<div class=\"elementor-widget-container\">\n\t\t\t\t\t\t\t\t\t<p>All you have to do to explore the town is leave your car behind, and you can enjoy Vichy on foot, taking in the spa district, the old Vichy district, the circuit around the lake and the 12 must-sees. The 27 signposts highlight natural areas, buildings, resort architecture, the history of a district and personalities.<\/p><p>\u00a0<\/p><p>This Auvergne town with its enchanting heritage is well worth a visit. Make the most of your stay at Le Midland hotel to discover the treasures of tourism in Vichy, on the banks of the Allier!<\/p><p>\u00a0<\/p><p><strong>The Palais des Congr\u00e8s-Op\u00e9ra<\/strong>This jewel of the city's architectural heritage is made up of the former Grand Casino (which became the Palais des Congr\u00e8s in 1995) and the Opera House modernised by Jean Guilhem de Castelbajac. The original building (Casino-Th\u00e9\u00e2tre), designed by the architect Charles Badger in 1865 at the request of Napoleon III, included a ballroom, a theatre, and gaming and pleasure rooms.<\/p><p>\u00a0<\/p><p><strong>The Hall of Sources<\/strong>The glass and cast iron vessel built in 1903 to be in harmony with the Parc des Sources, houses the refreshment rooms of the 5 springs used for the drinking cure: C\u00e9lestins, Lucas, H\u00f4pital, Chomel and Grande Grille.<\/p><p>\u00a0<\/p><p>Built between 1899 and 1903,\u00a0<strong>the Grand Etablissement Thermal<\/strong>The building, which was extended in the 1930s, is striking in its neo-Moorish style. The wing of the building facing the Boulevard des \u00c9tats-Unis is now the Centre thermal des D\u00f4mes. The Callou thermal baths are just a stone's throw away and are also used for traditional cures.<\/p><p>\u00a0<\/p><p><strong>The Napoleon III Chalets<\/strong>In 1863 and 1864, at the request of the Emperor, Swiss and English colonial style chalets were built to accommodate him, his imperial retinue and the Empire's dignitaries.<\/p><p>\u00a0<\/p><p><strong>La Source des C\u00e9lestins\u00a0<\/strong>is the natural source of Vichy's most famous water and the only one to be bottled. The spring takes its name from a 15th century religious convent built on the rock, of which only a section of wall remains today. The neo-Louis XVI style spring pavilion was built in 1908. Free tasting.<\/p><p>\u00a0<\/p><p><strong>The e<\/strong><strong>t Lac d'Allier beaches<\/strong>The park, on the banks of the Allier, is an invitation to relax: Napoleon III parks, landscaped banks, dance halls and leisure activities... 1.5 km of walks between the Rotonde and the C\u00e9lestins beach.<\/p><p>\u00a0<\/p><p>Link to the Vichy Tourist Office and diary <a href=\"https:\/\/vichymonamour.fr\/sejourner\/agenda\/\" target=\"_blank\" rel=\"noopener nofollow\">here.<\/a><\/p>\t\t\t\t\t\t\t\t<\/div>\n\t\t\t\t<\/div>\n\t\t\t\t\t<\/div>\n\t\t<\/div>\n\t\t\t\t\t<\/div>\n\t\t<\/section>\n\t\t\t\t\t<\/div>\n\t\t<\/div>\n\t\t\t\t\t<\/div>\n\t\t<\/section>\n\t\t\t\t<section class=\"elementor-section elementor-top-section elementor-element elementor-element-dff4a64 elementor-section-full_width elementor-section-height-default elementor-section-height-default\" data-id=\"dff4a64\" data-element_type=\"section\" data-e-type=\"section\" data-settings=\"{&quot;background_background&quot;:&quot;classic&quot;}\">\n\t\t\t\t\t\t\t<div class=\"elementor-background-overlay\"><\/div>\n\t\t\t\t\t\t\t<div class=\"elementor-container elementor-column-gap-default\">\n\t\t\t\t\t<div class=\"elementor-column elementor-col-100 elementor-top-column elementor-element elementor-element-5987b0f\" data-id=\"5987b0f\" data-element_type=\"column\" data-e-type=\"column\">\n\t\t\t<div class=\"elementor-widget-wrap elementor-element-populated\">\n\t\t\t\t\t\t<section class=\"elementor-section elementor-inner-section elementor-element elementor-element-4d0bc59 elementor-section-content-middle elementor-reverse-mobile ecrantype1 section-inverse-tablette-paysage elementor-reverse-tablet elementor-section-boxed elementor-section-height-default elementor-section-height-default\" data-id=\"4d0bc59\" data-element_type=\"section\" data-e-type=\"section\">\n\t\t\t\t\t\t<div class=\"elementor-container elementor-column-gap-default\">\n\t\t\t\t\t<div class=\"elementor-column elementor-col-50 elementor-inner-column elementor-element elementor-element-e3c527e image-top elementor-invisible\" data-id=\"e3c527e\" data-element_type=\"column\" data-e-type=\"column\" data-settings=\"{&quot;animation&quot;:&quot;fadeInLeft&quot;,&quot;animation_mobile&quot;:&quot;none&quot;}\">\n\t\t\t<div class=\"elementor-widget-wrap elementor-element-populated\">\n\t\t\t\t\t\t<div class=\"elementor-element elementor-element-d7ee10f elementor-widget elementor-widget-image\" data-id=\"d7ee10f\" data-element_type=\"widget\" data-e-type=\"widget\" data-widget_type=\"image.default\">\n\t\t\t\t<div class=\"elementor-widget-container\">\n\t\t\t\t\t\t\t\t\t\t\t\t\t\t\t<img decoding=\"async\" src=\"https:\/\/www.hotel-midland.com\/wp-content\/uploads\/elementor\/thumbs\/toursime-vichy-pxgtg5a0t7ktklcdr59ym92phkauvs6736i3kp4o5a.jpeg\" title=\"vichy toursime\" alt=\"vichy toursime\" loading=\"lazy\" \/>\t\t\t\t\t\t\t\t\t\t\t\t\t\t\t<\/div>\n\t\t\t\t<\/div>\n\t\t\t\t\t<\/div>\n\t\t<\/div>\n\t\t\t\t<div class=\"elementor-column elementor-col-50 elementor-inner-column elementor-element elementor-element-b390dd0 elementor-invisible\" data-id=\"b390dd0\" data-element_type=\"column\" data-e-type=\"column\" data-settings=\"{&quot;animation&quot;:&quot;fadeInUp&quot;,&quot;animation_mobile&quot;:&quot;none&quot;,&quot;animation_delay&quot;:200}\">\n\t\t\t<div class=\"elementor-widget-wrap elementor-element-populated\">\n\t\t\t\t\t\t<div class=\"elementor-element elementor-element-65524a0 elementor-widget-divider--view-line elementor-widget elementor-widget-divider\" data-id=\"65524a0\" data-element_type=\"widget\" data-e-type=\"widget\" data-widget_type=\"divider.default\">\n\t\t\t\t<div class=\"elementor-widget-container\">\n\t\t\t\t\t\t\t<div class=\"elementor-divider\">\n\t\t\t<span class=\"elementor-divider-separator\">\n\t\t\t\t\t\t<\/span>\n\t\t<\/div>\n\t\t\t\t\t\t<\/div>\n\t\t\t\t<\/div>\n\t\t\t\t<div class=\"elementor-element elementor-element-037fada elementor-widget elementor-widget-heading\" data-id=\"037fada\" data-element_type=\"widget\" data-e-type=\"widget\" data-widget_type=\"heading.default\">\n\t\t\t\t<div class=\"elementor-widget-container\">\n\t\t\t\t\t<h2 class=\"elementor-heading-title elementor-size-default\">THE ART OF LIVING IN VICHY<\/h2>\t\t\t\t<\/div>\n\t\t\t\t<\/div>\n\t\t\t\t<div class=\"elementor-element elementor-element-189baaf elementor-widget elementor-widget-heading\" data-id=\"189baaf\" data-element_type=\"widget\" data-e-type=\"widget\" data-widget_type=\"heading.default\">\n\t\t\t\t<div class=\"elementor-widget-container\">\n\t\t\t\t\t<h3 class=\"elementor-heading-title elementor-size-default\">Taking the time<\/h3>\t\t\t\t<\/div>\n\t\t\t\t<\/div>\n\t\t\t\t<div class=\"elementor-element elementor-element-6d96b8e elementor-widget elementor-widget-text-editor\" data-id=\"6d96b8e\" data-element_type=\"widget\" data-e-type=\"widget\" data-widget_type=\"text-editor.default\">\n\t\t\t\t<div class=\"elementor-widget-container\">\n\t\t\t\t\t\t\t\t\t<p>Tourism in Vichy also means experiencing the atmosphere of the town by meeting its artists and craftsmen with their exceptional skills. Painters, sculptors, cabinet-makers, past and present, the artists of Vichy are eager to share their talents with you. You can also discover its spas, hidden terraces and relaxing walks. Treat yourself to a few moments suspended between lunch on a hidden terrace, a shopping Sunday, a spa afternoon or simply a sunset by the water.<\/p><p>\u00a0<\/p><p>Finally, gourmets will be delighted! Whether you prefer Vichy pastilles, cocktails on the banks of the Allier or a gourmet lunch, there's something for everyone.<\/p>\t\t\t\t\t\t\t\t<\/div>\n\t\t\t\t<\/div>\n\t\t\t\t\t<\/div>\n\t\t<\/div>\n\t\t\t\t\t<\/div>\n\t\t<\/section>\n\t\t\t\t\t<\/div>\n\t\t<\/div>\n\t\t\t\t\t<\/div>\n\t\t<\/section>\n\t\t\t\t<section class=\"elementor-section elementor-top-section elementor-element elementor-element-739b3a5 section-multibloc elementor-section-boxed elementor-section-height-default elementor-section-height-default\" data-id=\"739b3a5\" data-element_type=\"section\" data-e-type=\"section\" data-settings=\"{&quot;background_background&quot;:&quot;classic&quot;}\">\n\t\t\t\t\t\t<div class=\"elementor-container elementor-column-gap-default\">\n\t\t\t\t\t<div class=\"elementor-column elementor-col-100 elementor-top-column elementor-element elementor-element-b0643de\" data-id=\"b0643de\" data-element_type=\"column\" data-e-type=\"column\">\n\t\t\t<div class=\"elementor-widget-wrap elementor-element-populated\">\n\t\t\t\t\t\t<div class=\"elementor-element elementor-element-2a7b31d elementor-widget elementor-widget-shortcode\" data-id=\"2a7b31d\" data-element_type=\"widget\" data-e-type=\"widget\" data-widget_type=\"shortcode.default\">\n\t\t\t\t<div class=\"elementor-widget-container\">\n\t\t\t\t\t\r\n    <section id=\"section-multibloc-loisirs\">\r\n        \r\n                <div class=\"post-917 page type-page status-publish has-post-thumbnail hentry\">\r\n\r\n                    <a href=\"https:\/\/www.hotel-midland.com\/en\/hotel-3-etoiles-vichy\/histoire-de-la-ville\/\" rel=\"bookmark\" title=\"History of the city\"><img fetchpriority=\"high\" decoding=\"async\" width=\"1920\" height=\"1281\" src=\"https:\/\/www.hotel-midland.com\/wp-content\/uploads\/2022\/11\/hotel-midland-vichy-29625.jpg\" class=\"attachment-page-thumb-mine size-page-thumb-mine wp-post-image\" alt=\"\" srcset=\"https:\/\/www.hotel-midland.com\/wp-content\/uploads\/2022\/11\/hotel-midland-vichy-29625.jpg 1920w, https:\/\/www.hotel-midland.com\/wp-content\/uploads\/2022\/11\/hotel-midland-vichy-29625-300x200.jpg 300w, https:\/\/www.hotel-midland.com\/wp-content\/uploads\/2022\/11\/hotel-midland-vichy-29625-1024x683.jpg 1024w, https:\/\/www.hotel-midland.com\/wp-content\/uploads\/2022\/11\/hotel-midland-vichy-29625-768x512.jpg 768w, https:\/\/www.hotel-midland.com\/wp-content\/uploads\/2022\/11\/hotel-midland-vichy-29625-1536x1025.jpg 1536w, https:\/\/www.hotel-midland.com\/wp-content\/uploads\/2022\/11\/hotel-midland-vichy-29625-18x12.jpg 18w\" sizes=\"(max-width: 1920px) 100vw, 1920px\" title=\"\"><div class=\"title\"><h1>History of the city<\/h1><h2>The Queen of the Water Cities<\/h2><\/div><div class=\"savoir-plus\">Read more<\/div><\/a><\/div>\r\n                            \r\n                <div class=\"post-924 page type-page status-publish has-post-thumbnail hentry\">\r\n\r\n                    <a href=\"https:\/\/www.hotel-midland.com\/en\/hotel-3-etoiles-vichy\/evenements\/\" rel=\"bookmark\" title=\"Events\"><img decoding=\"async\" width=\"672\" height=\"410\" src=\"https:\/\/www.hotel-midland.com\/wp-content\/uploads\/2022\/11\/cab243ff2f24029b7a8fb44cde3574badb0c5ea9.jpeg\" class=\"attachment-page-thumb-mine size-page-thumb-mine wp-post-image\" alt=\"\" srcset=\"https:\/\/www.hotel-midland.com\/wp-content\/uploads\/2022\/11\/cab243ff2f24029b7a8fb44cde3574badb0c5ea9.jpeg 672w, https:\/\/www.hotel-midland.com\/wp-content\/uploads\/2022\/11\/cab243ff2f24029b7a8fb44cde3574badb0c5ea9-300x183.jpeg 300w, https:\/\/www.hotel-midland.com\/wp-content\/uploads\/2022\/11\/cab243ff2f24029b7a8fb44cde3574badb0c5ea9-18x12.jpeg 18w\" sizes=\"(max-width: 672px) 100vw, 672px\" title=\"\"><div class=\"title\"><h1>Events<\/h1><h2>Vichy, a cultural and sporting city<\/h2><\/div><div class=\"savoir-plus\">Read more<\/div><\/a><\/div>\r\n                            <div class=\"post-924 page type-page status-publish has-post-thumbnail hentry\">\r\n\r\n            <a href=\"https:\/\/www.hotel-midland.com\/en\/hotel-3-etoiles-vichy\/\" rel=\"bookmark\" title=\"Our region\"><img decoding=\"async\" width=\"1920\" height=\"960\" src=\"https:\/\/www.hotel-midland.com\/wp-content\/uploads\/2022\/11\/entree-midland-vichy.jpeg\" class=\"attachment-post-thumbnail size-post-thumbnail wp-post-image\" alt=\"\" srcset=\"https:\/\/www.hotel-midland.com\/wp-content\/uploads\/2022\/11\/entree-midland-vichy.jpeg 1920w, https:\/\/www.hotel-midland.com\/wp-content\/uploads\/2022\/11\/entree-midland-vichy-300x150.jpeg 300w, https:\/\/www.hotel-midland.com\/wp-content\/uploads\/2022\/11\/entree-midland-vichy-1024x512.jpeg 1024w, https:\/\/www.hotel-midland.com\/wp-content\/uploads\/2022\/11\/entree-midland-vichy-768x384.jpeg 768w, https:\/\/www.hotel-midland.com\/wp-content\/uploads\/2022\/11\/entree-midland-vichy-1536x768.jpeg 1536w, https:\/\/www.hotel-midland.com\/wp-content\/uploads\/2022\/11\/entree-midland-vichy-18x9.jpeg 18w\" sizes=\"(max-width: 1920px) 100vw, 1920px\" title=\"\"><div class=\"title\"><h1>Our region<\/h1><h2>Vichy, a cultural and sporting city<\/h2><\/div><div class=\"savoir-plus\">Read more<\/div><\/a>\r\n        <\/div>\r\n    <\/section>\r\n    \t\t<div class=\"elementor-shortcode\"><\/div>\n\t\t\t\t\t\t<\/div>\n\t\t\t\t<\/div>\n\t\t\t\t\t<\/div>\n\t\t<\/div>\n\t\t\t\t\t<\/div>\n\t\t<\/section>\n\t\t\t\t<\/div>","protected":false},"excerpt":{"rendered":"<p>Walks, nature and culture<\/p>","protected":false},"author":6,"featured_media":453,"parent":289,"menu_order":1,"comment_status":"closed","ping_status":"closed","template":"","meta":{"inline_featured_image":false,"footnotes":""},"class_list":["post-922","page","type-page","status-publish","has-post-thumbnail","hentry"],"_links":{"self":[{"href":"https:\/\/www.hotel-midland.com\/en\/wp-json\/wp\/v2\/pages\/922","targetHints":{"allow":["GET"]}}],"collection":[{"href":"https:\/\/www.hotel-midland.com\/en\/wp-json\/wp\/v2\/pages"}],"about":[{"href":"https:\/\/www.hotel-midland.com\/en\/wp-json\/wp\/v2\/types\/page"}],"author":[{"embeddable":true,"href":"https:\/\/www.hotel-midland.com\/en\/wp-json\/wp\/v2\/users\/6"}],"replies":[{"embeddable":true,"href":"https:\/\/www.hotel-midland.com\/en\/wp-json\/wp\/v2\/comments?post=922"}],"version-history":[{"count":20,"href":"https:\/\/www.hotel-midland.com\/en\/wp-json\/wp\/v2\/pages\/922\/revisions"}],"predecessor-version":[{"id":1395,"href":"https:\/\/www.hotel-midland.com\/en\/wp-json\/wp\/v2\/pages\/922\/revisions\/1395"}],"up":[{"embeddable":true,"href":"https:\/\/www.hotel-midland.com\/en\/wp-json\/wp\/v2\/pages\/289"}],"wp:featuredmedia":[{"embeddable":true,"href":"https:\/\/www.hotel-midland.com\/en\/wp-json\/wp\/v2\/media\/453"}],"wp:attachment":[{"href":"https:\/\/www.hotel-midland.com\/en\/wp-json\/wp\/v2\/media?parent=922"}],"curies":[{"name":"wp","href":"https:\/\/api.w.org\/{rel}","templated":true}]}}