{"id":289,"date":"2022-11-09T10:10:45","date_gmt":"2022-11-09T09:10:45","guid":{"rendered":"https:\/\/www.hotel-midland.com\/?page_id=289"},"modified":"2025-10-14T08:24:55","modified_gmt":"2025-10-14T06:24:55","slug":"3-star-hotel-vichy","status":"publish","type":"page","link":"https:\/\/www.hotel-midland.com\/en\/hotel-3-etoiles-vichy\/","title":{"rendered":"Our region"},"content":{"rendered":"<div data-elementor-type=\"wp-page\" data-elementor-id=\"289\" class=\"elementor elementor-289\" data-elementor-post-type=\"page\">\n\t\t\t\t\t\t<section class=\"elementor-section elementor-top-section elementor-element elementor-element-7412615 elementor-section-height-min-height elementor-section-boxed elementor-section-height-default elementor-section-items-middle\" data-id=\"7412615\" data-element_type=\"section\" data-e-type=\"section\" data-settings=\"{&quot;background_background&quot;:&quot;classic&quot;}\">\n\t\t\t\t\t\t\t<div class=\"elementor-background-overlay\"><\/div>\n\t\t\t\t\t\t\t<div class=\"elementor-container elementor-column-gap-default\">\n\t\t\t\t\t<div class=\"elementor-column elementor-col-100 elementor-top-column elementor-element elementor-element-77d5399\" data-id=\"77d5399\" data-element_type=\"column\" data-e-type=\"column\">\n\t\t\t<div class=\"elementor-widget-wrap elementor-element-populated\">\n\t\t\t\t\t\t<div class=\"elementor-element elementor-element-769cace elementor-widget-divider--view-line elementor-widget elementor-widget-divider\" data-id=\"769cace\" data-element_type=\"widget\" data-e-type=\"widget\" data-widget_type=\"divider.default\">\n\t\t\t\t<div class=\"elementor-widget-container\">\n\t\t\t\t\t\t\t<div class=\"elementor-divider\">\n\t\t\t<span class=\"elementor-divider-separator\">\n\t\t\t\t\t\t<\/span>\n\t\t<\/div>\n\t\t\t\t\t\t<\/div>\n\t\t\t\t<\/div>\n\t\t\t\t<div class=\"elementor-element elementor-element-0719500 elementor-widget elementor-widget-heading\" data-id=\"0719500\" data-element_type=\"widget\" data-e-type=\"widget\" data-widget_type=\"heading.default\">\n\t\t\t\t<div class=\"elementor-widget-container\">\n\t\t\t\t\t<p class=\"elementor-heading-title elementor-size-default\">Our region<\/p>\t\t\t\t<\/div>\n\t\t\t\t<\/div>\n\t\t\t\t\t<\/div>\n\t\t<\/div>\n\t\t\t\t\t<\/div>\n\t\t<\/section>\n\t\t\t\t<section class=\"elementor-section elementor-top-section elementor-element elementor-element-70a1d857 elementor-section-full_width elementor-section-height-default elementor-section-height-default\" data-id=\"70a1d857\" data-element_type=\"section\" data-e-type=\"section\" data-settings=\"{&quot;background_background&quot;:&quot;classic&quot;}\">\n\t\t\t\t\t\t\t<div class=\"elementor-background-overlay\"><\/div>\n\t\t\t\t\t\t\t<div class=\"elementor-container elementor-column-gap-default\">\n\t\t\t\t\t<div class=\"elementor-column elementor-col-100 elementor-top-column elementor-element elementor-element-328cc9d7\" data-id=\"328cc9d7\" data-element_type=\"column\" data-e-type=\"column\">\n\t\t\t<div class=\"elementor-widget-wrap elementor-element-populated\">\n\t\t\t\t\t\t<section class=\"elementor-section elementor-inner-section elementor-element elementor-element-32a59a13 elementor-section-boxed elementor-section-height-default elementor-section-height-default\" data-id=\"32a59a13\" data-element_type=\"section\" data-e-type=\"section\">\n\t\t\t\t\t\t<div class=\"elementor-container elementor-column-gap-default\">\n\t\t\t\t\t<div class=\"elementor-column elementor-col-100 elementor-inner-column elementor-element elementor-element-6d46e9ec\" data-id=\"6d46e9ec\" data-element_type=\"column\" data-e-type=\"column\">\n\t\t\t<div class=\"elementor-widget-wrap elementor-element-populated\">\n\t\t\t\t\t\t<div class=\"elementor-element elementor-element-5b0dcce6 elementor-widget-divider--view-line elementor-widget elementor-widget-divider\" data-id=\"5b0dcce6\" data-element_type=\"widget\" data-e-type=\"widget\" data-widget_type=\"divider.default\">\n\t\t\t\t<div class=\"elementor-widget-container\">\n\t\t\t\t\t\t\t<div class=\"elementor-divider\">\n\t\t\t<span class=\"elementor-divider-separator\">\n\t\t\t\t\t\t<\/span>\n\t\t<\/div>\n\t\t\t\t\t\t<\/div>\n\t\t\t\t<\/div>\n\t\t\t\t<div class=\"elementor-element elementor-element-34a30e3d elementor-widget elementor-widget-heading\" data-id=\"34a30e3d\" data-element_type=\"widget\" data-e-type=\"widget\" data-widget_type=\"heading.default\">\n\t\t\t\t<div class=\"elementor-widget-container\">\n\t\t\t\t\t<h1 class=\"elementor-heading-title elementor-size-default\">From our hotel in Vichy centre<\/h1>\t\t\t\t<\/div>\n\t\t\t\t<\/div>\n\t\t\t\t<div class=\"elementor-element elementor-element-aec8cf9 elementor-widget elementor-widget-heading\" data-id=\"aec8cf9\" data-element_type=\"widget\" data-e-type=\"widget\" data-widget_type=\"heading.default\">\n\t\t\t\t<div class=\"elementor-widget-container\">\n\t\t\t\t\t<h2 class=\"elementor-heading-title elementor-size-default\">the spa town at your feet!<\/h2>\t\t\t\t<\/div>\n\t\t\t\t<\/div>\n\t\t\t\t<div class=\"elementor-element elementor-element-325a0cf1 elementor-widget elementor-widget-text-editor\" data-id=\"325a0cf1\" data-element_type=\"widget\" data-e-type=\"widget\" data-widget_type=\"text-editor.default\">\n\t\t\t\t<div class=\"elementor-widget-container\">\n\t\t\t\t\t\t\t\t\t<p>Vichy, the capital of well-being and fitness, is as seductive as it is invigorating! The queen of the spa towns, a little jewel of architecture, plays harmonious scores between the Second Empire and Belle Epoque styles: the Parc and the hall of the Sources, the bandstand, the fa\u00e7ade of the Opera-Grand Casino, the Strauss villa, the Saint-Louis and Saint-Blaise church, the imperial chalets, the Napoleon III galleries, the houses with bow windows, the large thermal establishments...<\/p><p>\u00a0<\/p><p>In addition to these architectural marvels, Vichy is a green city with 140 hectares of parks. Recognised for its quality of life and that of its environment, it has been awarded 4 flowers since 1967, the Grand Prix National de Fleurissement since 1989, and the National Tree Award in 1996. The Allier Parks, with the Napoleon Park and the Kennedy Park, were created by decision of Emperor Napoleon III during his visits to Vichy from 1862 to 1866. True oases of greenery, these English-inspired parks are the ideal place to run, stroll, rest or observe rare or exotic species.<\/p><p>\u00a0<\/p><p>Thanks to the many facilities and loops provided, you can discover the surrounding countryside by bike. Numerous rides around the Voie Verte will take you to the most important sites, between historical and natural heritage.<\/p><p>\u00a0<\/p><p>The Midland hotel, close to the Palais des Congr\u00e8s, the thermal baths and the Allier lake, is also at the heart of Vichy's cultural and sporting activities: summer entertainment on the Plage des C\u00e9lestins, Centre Omnisports, aquatic stadium, games for children, horse races, golf (18-hole course of the Sporting Club de Vichy 3 km from the hotel), operas, theatres, concerts... By staying at the Midland, you will have all the leisure to discover on foot the city that is nicknamed the continental \"French Riviera\"!<\/p>\t\t\t\t\t\t\t\t<\/div>\n\t\t\t\t<\/div>\n\t\t\t\t\t<\/div>\n\t\t<\/div>\n\t\t\t\t\t<\/div>\n\t\t<\/section>\n\t\t\t\t\t<\/div>\n\t\t<\/div>\n\t\t\t\t\t<\/div>\n\t\t<\/section>\n\t\t\t\t<section class=\"elementor-section elementor-top-section elementor-element elementor-element-27878f17 section-multibloc elementor-section-boxed elementor-section-height-default elementor-section-height-default\" data-id=\"27878f17\" data-element_type=\"section\" data-e-type=\"section\" data-settings=\"{&quot;background_background&quot;:&quot;classic&quot;}\">\n\t\t\t\t\t\t<div class=\"elementor-container elementor-column-gap-default\">\n\t\t\t\t\t<div class=\"elementor-column elementor-col-100 elementor-top-column elementor-element elementor-element-4fb0cfd6\" data-id=\"4fb0cfd6\" data-element_type=\"column\" data-e-type=\"column\">\n\t\t\t<div class=\"elementor-widget-wrap elementor-element-populated\">\n\t\t\t\t\t\t<div class=\"elementor-element elementor-element-115bba0c elementor-widget elementor-widget-shortcode\" data-id=\"115bba0c\" data-element_type=\"widget\" data-e-type=\"widget\" data-widget_type=\"shortcode.default\">\n\t\t\t\t<div class=\"elementor-widget-container\">\n\t\t\t\t\t\r\n    <section id=\"section-multibloc-loisirs\">\r\n        \r\n            <div class=\"post-917 page type-page status-publish has-post-thumbnail hentry\">\r\n\r\n                <a href=\"https:\/\/www.hotel-midland.com\/en\/hotel-3-etoiles-vichy\/histoire-de-la-ville\/\" rel=\"bookmark\"\r\n                   title=\"History of the city\"><img fetchpriority=\"high\" decoding=\"async\" width=\"1920\" height=\"1281\" src=\"https:\/\/www.hotel-midland.com\/wp-content\/uploads\/2022\/11\/hotel-midland-vichy-29625.jpg\" class=\"attachment-page-thumb-mine size-page-thumb-mine wp-post-image\" alt=\"\" srcset=\"https:\/\/www.hotel-midland.com\/wp-content\/uploads\/2022\/11\/hotel-midland-vichy-29625.jpg 1920w, https:\/\/www.hotel-midland.com\/wp-content\/uploads\/2022\/11\/hotel-midland-vichy-29625-300x200.jpg 300w, https:\/\/www.hotel-midland.com\/wp-content\/uploads\/2022\/11\/hotel-midland-vichy-29625-1024x683.jpg 1024w, https:\/\/www.hotel-midland.com\/wp-content\/uploads\/2022\/11\/hotel-midland-vichy-29625-768x512.jpg 768w, https:\/\/www.hotel-midland.com\/wp-content\/uploads\/2022\/11\/hotel-midland-vichy-29625-1536x1025.jpg 1536w, https:\/\/www.hotel-midland.com\/wp-content\/uploads\/2022\/11\/hotel-midland-vichy-29625-18x12.jpg 18w\" sizes=\"(max-width: 1920px) 100vw, 1920px\" title=\"\"><div class=\"title\"><h1>History of the city<\/h1><h2>The Queen of the Water Cities<\/h2><\/div><div class=\"savoir-plus\">Read more<\/div><\/a><\/div>\r\n\r\n        \r\n            <div class=\"post-922 page type-page status-publish has-post-thumbnail hentry\">\r\n\r\n                <a href=\"https:\/\/www.hotel-midland.com\/en\/hotel-3-etoiles-vichy\/visiter-vichy\/\" rel=\"bookmark\"\r\n                   title=\"Visit Vichy\"><img decoding=\"async\" width=\"672\" height=\"410\" src=\"https:\/\/www.hotel-midland.com\/wp-content\/uploads\/2022\/11\/toursime-vichy.jpeg\" class=\"attachment-page-thumb-mine size-page-thumb-mine wp-post-image\" alt=\"\" srcset=\"https:\/\/www.hotel-midland.com\/wp-content\/uploads\/2022\/11\/toursime-vichy.jpeg 672w, https:\/\/www.hotel-midland.com\/wp-content\/uploads\/2022\/11\/toursime-vichy-300x183.jpeg 300w, https:\/\/www.hotel-midland.com\/wp-content\/uploads\/2022\/11\/toursime-vichy-18x12.jpeg 18w\" sizes=\"(max-width: 672px) 100vw, 672px\" title=\"\"><div class=\"title\"><h1>Visit Vichy<\/h1><h2>Walks, nature and culture<\/h2><\/div><div class=\"savoir-plus\">Read more<\/div><\/a><\/div>\r\n\r\n        \r\n            <div class=\"post-924 page type-page status-publish has-post-thumbnail hentry\">\r\n\r\n                <a href=\"https:\/\/www.hotel-midland.com\/en\/hotel-3-etoiles-vichy\/evenements\/\" rel=\"bookmark\"\r\n                   title=\"Events\"><img decoding=\"async\" width=\"672\" height=\"410\" src=\"https:\/\/www.hotel-midland.com\/wp-content\/uploads\/2022\/11\/cab243ff2f24029b7a8fb44cde3574badb0c5ea9.jpeg\" class=\"attachment-page-thumb-mine size-page-thumb-mine wp-post-image\" alt=\"\" srcset=\"https:\/\/www.hotel-midland.com\/wp-content\/uploads\/2022\/11\/cab243ff2f24029b7a8fb44cde3574badb0c5ea9.jpeg 672w, https:\/\/www.hotel-midland.com\/wp-content\/uploads\/2022\/11\/cab243ff2f24029b7a8fb44cde3574badb0c5ea9-300x183.jpeg 300w, https:\/\/www.hotel-midland.com\/wp-content\/uploads\/2022\/11\/cab243ff2f24029b7a8fb44cde3574badb0c5ea9-18x12.jpeg 18w\" sizes=\"(max-width: 672px) 100vw, 672px\" title=\"\"><div class=\"title\"><h1>Events<\/h1><h2>Vichy, a cultural and sporting city<\/h2><\/div><div class=\"savoir-plus\">Read more<\/div><\/a><\/div>\r\n\r\n            <\/section>\r\n    \t\t<div class=\"elementor-shortcode\"><\/div>\n\t\t\t\t\t\t<\/div>\n\t\t\t\t<\/div>\n\t\t\t\t\t<\/div>\n\t\t<\/div>\n\t\t\t\t\t<\/div>\n\t\t<\/section>\n\t\t\t\t<\/div>","protected":false},"excerpt":{"rendered":"<p>Notre r\u00e9gion De notre h\u00f4tel \u00e0 Vichy centre la ville thermale \u00e0 vos pieds ! Capitale du bien-\u00eatre et de la remise en forme, Vichy est aussi s\u00e9duisante que vivifiante\u00a0! La reine des villes d\u2019eaux, petit bijou d\u2019architecture, joue des partitions harmonieuses\u00a0entre les styles Second Empire et Belle Epoque\u00a0: le Parc et le hall des [&hellip;]<\/p>\n","protected":false},"author":6,"featured_media":317,"parent":0,"menu_order":7,"comment_status":"closed","ping_status":"closed","template":"","meta":{"inline_featured_image":false,"footnotes":""},"class_list":["post-289","page","type-page","status-publish","has-post-thumbnail","hentry"],"_links":{"self":[{"href":"https:\/\/www.hotel-midland.com\/en\/wp-json\/wp\/v2\/pages\/289","targetHints":{"allow":["GET"]}}],"collection":[{"href":"https:\/\/www.hotel-midland.com\/en\/wp-json\/wp\/v2\/pages"}],"about":[{"href":"https:\/\/www.hotel-midland.com\/en\/wp-json\/wp\/v2\/types\/page"}],"author":[{"embeddable":true,"href":"https:\/\/www.hotel-midland.com\/en\/wp-json\/wp\/v2\/users\/6"}],"replies":[{"embeddable":true,"href":"https:\/\/www.hotel-midland.com\/en\/wp-json\/wp\/v2\/comments?post=289"}],"version-history":[{"count":18,"href":"https:\/\/www.hotel-midland.com\/en\/wp-json\/wp\/v2\/pages\/289\/revisions"}],"predecessor-version":[{"id":1595,"href":"https:\/\/www.hotel-midland.com\/en\/wp-json\/wp\/v2\/pages\/289\/revisions\/1595"}],"wp:featuredmedia":[{"embeddable":true,"href":"https:\/\/www.hotel-midland.com\/en\/wp-json\/wp\/v2\/media\/317"}],"wp:attachment":[{"href":"https:\/\/www.hotel-midland.com\/en\/wp-json\/wp\/v2\/media?parent=289"}],"curies":[{"name":"wp","href":"https:\/\/api.w.org\/{rel}","templated":true}]}}